{"id":1891,"date":"2019-12-04T18:02:37","date_gmt":"2019-12-04T18:02:37","guid":{"rendered":"https:\/\/www.dolidon-partners.com\/politique-de-confidentialite\/"},"modified":"2019-12-04T18:02:37","modified_gmt":"2019-12-04T18:02:37","slug":"politique-de-confidentialite","status":"publish","type":"page","link":"https:\/\/www.dolidon-partners.com\/en\/politique-de-confidentialite\/","title":{"rendered":"Politique de confidentialit\u00e9"},"content":{"rendered":"<p><b>Description des traitements<\/b><\/p>\n<p>Le responsable de traitement des donn\u00e9es \u00e0 caract\u00e8re personnel des utilisateurs du site Internet\u00a0<a href=\"https:\/\/www.dolidon-partners.com\/\">https:\/\/www.dolidon-partners.com<\/a> est le cabinet Dolidon Partners, dont le si\u00e8ge social est situ\u00e9 11 bis, rue Volney 75002 Paris.<\/p>\n<p>&nbsp;<\/p>\n<p>Les traitements de donn\u00e9es mis en \u0153uvre par Dolidon Partners Avocats sur son site Internet ont pour finalit\u00e9 l\u2019envoi, par courrier \u00e9lectronique, de la newsletter du cabinet. Ces traitements concernent uniquement les personnes souhaitant s\u2019enregistrer sur\u00a0<a href=\"https:\/\/www.dolidon-partners.com\/\">www.dolidon-partners.com<\/a>\u00a0pour recevoir la newsletter du Cabinet.<\/p>\n<p>&nbsp;<\/p>\n<p>Les traitements sont fond\u00e9s sur le consentement des utilisateurs (base l\u00e9gale).<\/p>\n<p>&nbsp;<\/p>\n<p>Pour retirer son consentement, l\u2019utilisateur peut \u00e0 tout moment adresser un email \u00e0\u00a0:\u00a0<a href=\"mailto:paris@dolidon-partners.com\">paris@dolidon-partners.com<\/a>\u00a0ou se d\u00e9sinscrire via le lien hypertexte int\u00e9gr\u00e9 aux newsletters.<\/p>\n<p>&nbsp;<\/p>\n<p>Les donn\u00e9es collect\u00e9es \u00e0 l\u2019occasion des traitements ci-dessus d\u00e9crits sont : l\u2019adresse de courrier \u00e9lectronique (e-mail).<\/p>\n<p>&nbsp;<\/p>\n<p>Le recueil de l\u2019adresse de courrier \u00e9lectronique est obligatoire pour l\u2019envoi de la newsletter. Les traitements ne pr\u00e9voient pas de prise de d\u00e9cision automatis\u00e9e.<\/p>\n<p>&nbsp;<\/p>\n<p>Les donn\u00e9es collect\u00e9es sont destin\u00e9es \u00e0 Dolidon Partners et \u00e0 ses sous-traitants en charge de la gestion du site internet (sous-traitants techniques (h\u00e9bergement, maintenance informatique), sous-traitants marketing (op\u00e9rations de communication par newsletter)).<\/p>\n<p>&nbsp;<\/p>\n<p>Les donn\u00e9es \u00e0 caract\u00e8re personnel sont conserv\u00e9es en base active aussi longtemps que la personne concern\u00e9e ne se d\u00e9sinscrit pas (via le lien de d\u00e9sinscription int\u00e9gr\u00e9 aux newsletters).<\/p>\n<p>&nbsp;<\/p>\n<p><b>Exercice des droits des utilisateurs<\/b><\/p>\n<p>Tout utilisateur dont les donn\u00e9es sont collect\u00e9es dispose d\u2019un droit d\u2019acc\u00e8s, de rectification, de limitation, d\u2019effacement et de portabilit\u00e9 des donn\u00e9es le concernant. Il dispose \u00e9galement d\u2019un droit de retrait de son consentement sur tous les traitements fond\u00e9s sur cette base. Toute personne concern\u00e9e dispose \u00e9galement du droit de formuler des directives g\u00e9n\u00e9rales ou particuli\u00e8res relatives \u00e0 la conservation, \u00e0 l\u2019effacement et \u00e0 la communication de ses donn\u00e9es \u00e0 caract\u00e8re personnel apr\u00e8s son d\u00e9c\u00e8s.<\/p>\n<p>&nbsp;<\/p>\n<p>Pour exercer ses droits, la personne concern\u00e9e peut adresser un email \u00e0\u00a0:\u00a0<a href=\"mailto:paris@dolidon-partners.com\">paris@dolidon-partners.com<\/a>\u00a0ou \u00e9crire \u00e0 Dolidon Partners 11 bis, rue Volney 75002 Paris. Toute personne concern\u00e9e dispose \u00e9galement du droit d\u2019adresser une r\u00e9clamation \u00e0 l\u2019autorit\u00e9 de contr\u00f4le (CNIL).<\/p>\n<p>&nbsp;<\/p>\n<p>Les donn\u00e9es collect\u00e9es dans le cadre des mandats confi\u00e9s au cabinet Dolidon Partners sont r\u00e9gies par les conventions qui s\u2019y rapportent.<\/p>\n","protected":false},"excerpt":{"rendered":"<p>Description des traitements Le responsable de traitement des donn\u00e9es \u00e0 caract\u00e8re personnel des utilisateurs du site Internet\u00a0https:\/\/www.dolidon-partners.com est le cabinet [&hellip;]<\/p>\n","protected":false},"author":1,"featured_media":0,"parent":0,"menu_order":999,"comment_status":"closed","ping_status":"closed","template":"","meta":{"_acf_changed":false,"footnotes":""},"class_list":["post-1891","page","type-page","status-publish","hentry"],"acf":[],"yoast_head":"<!-- This site is optimized with the Yoast SEO Premium plugin v27.4 (Yoast SEO v27.4) - https:\/\/yoast.com\/product\/yoast-seo-premium-wordpress\/ -->\n<title>Politique de confidentialit\u00e9 - Dolidon Partners | Soci\u00e9t\u00e9 d&#039;avocats<\/title>\n<meta name=\"robots\" content=\"index, follow, max-snippet:-1, max-image-preview:large, max-video-preview:-1\" \/>\n<link rel=\"canonical\" href=\"https:\/\/www.dolidon-partners.com\/en\/politique-de-confidentialite\/\" \/>\n<meta property=\"og:locale\" content=\"en_US\" \/>\n<meta property=\"og:type\" content=\"article\" \/>\n<meta property=\"og:title\" content=\"Politique de confidentialit\u00e9\" \/>\n<meta property=\"og:description\" content=\"Description des traitements Le responsable de traitement des donn\u00e9es \u00e0 caract\u00e8re personnel des utilisateurs du site Internet\u00a0https:\/\/www.dolidon-partners.com est le cabinet [&hellip;]\" \/>\n<meta property=\"og:url\" content=\"https:\/\/www.dolidon-partners.com\/en\/politique-de-confidentialite\/\" \/>\n<meta property=\"og:site_name\" content=\"Dolidon Partners | Soci\u00e9t\u00e9 d&#039;avocats\" \/>\n<meta property=\"article:publisher\" content=\"https:\/\/www.facebook.com\/dolidonpartners\" \/>\n<meta property=\"og:image\" content=\"https:\/\/www.dolidon-partners.com\/wp-content\/uploads\/capture-decran-2017-10-23-a-17-28-51.png\" \/>\n\t<meta property=\"og:image:width\" content=\"1437\" \/>\n\t<meta property=\"og:image:height\" content=\"1076\" \/>\n\t<meta property=\"og:image:type\" content=\"image\/png\" \/>\n<meta name=\"twitter:card\" content=\"summary_large_image\" \/>\n<meta name=\"twitter:label1\" content=\"Est. reading time\" \/>\n\t<meta name=\"twitter:data1\" content=\"2 minutes\" \/>\n<script type=\"application\/ld+json\" class=\"yoast-schema-graph\">{\"@context\":\"https:\\\/\\\/schema.org\",\"@graph\":[{\"@type\":\"WebPage\",\"@id\":\"https:\\\/\\\/www.dolidon-partners.com\\\/en\\\/politique-de-confidentialite\\\/\",\"url\":\"https:\\\/\\\/www.dolidon-partners.com\\\/en\\\/politique-de-confidentialite\\\/\",\"name\":\"Politique de confidentialit\u00e9 - Dolidon Partners | Soci\u00e9t\u00e9 d&#039;avocats\",\"isPartOf\":{\"@id\":\"https:\\\/\\\/www.dolidon-partners.com\\\/en\\\/#website\"},\"datePublished\":\"2019-12-04T18:02:37+00:00\",\"breadcrumb\":{\"@id\":\"https:\\\/\\\/www.dolidon-partners.com\\\/en\\\/politique-de-confidentialite\\\/#breadcrumb\"},\"inLanguage\":\"en-US\",\"potentialAction\":[{\"@type\":\"ReadAction\",\"target\":[\"https:\\\/\\\/www.dolidon-partners.com\\\/en\\\/politique-de-confidentialite\\\/\"]}]},{\"@type\":\"BreadcrumbList\",\"@id\":\"https:\\\/\\\/www.dolidon-partners.com\\\/en\\\/politique-de-confidentialite\\\/#breadcrumb\",\"itemListElement\":[{\"@type\":\"ListItem\",\"position\":1,\"name\":\"Home\",\"item\":\"https:\\\/\\\/www.dolidon-partners.com\\\/en\\\/\"},{\"@type\":\"ListItem\",\"position\":2,\"name\":\"Politique de confidentialit\u00e9\"}]},{\"@type\":\"WebSite\",\"@id\":\"https:\\\/\\\/www.dolidon-partners.com\\\/en\\\/#website\",\"url\":\"https:\\\/\\\/www.dolidon-partners.com\\\/en\\\/\",\"name\":\"Dolidon Partners | Soci\u00e9t\u00e9 d&#039;avocats\",\"description\":\"Avocats d\u00e9di\u00e9s aux pratiques cl\u00e9s du Droit des Affaires, nous aidons nos clients \u00e0 d\u00e9finir et \u00e0 r\u00e9aliser leurs objectifs.\",\"publisher\":{\"@id\":\"https:\\\/\\\/www.dolidon-partners.com\\\/en\\\/#organization\"},\"potentialAction\":[{\"@type\":\"SearchAction\",\"target\":{\"@type\":\"EntryPoint\",\"urlTemplate\":\"https:\\\/\\\/www.dolidon-partners.com\\\/en\\\/?s={search_term_string}\"},\"query-input\":{\"@type\":\"PropertyValueSpecification\",\"valueRequired\":true,\"valueName\":\"search_term_string\"}}],\"inLanguage\":\"en-US\"},{\"@type\":\"Organization\",\"@id\":\"https:\\\/\\\/www.dolidon-partners.com\\\/en\\\/#organization\",\"name\":\"Dolidon Partners\",\"url\":\"https:\\\/\\\/www.dolidon-partners.com\\\/en\\\/\",\"logo\":{\"@type\":\"ImageObject\",\"inLanguage\":\"en-US\",\"@id\":\"https:\\\/\\\/www.dolidon-partners.com\\\/en\\\/#\\\/schema\\\/logo\\\/image\\\/\",\"url\":\"https:\\\/\\\/i0.wp.com\\\/www.dolidon-partners.com\\\/wp-content\\\/uploads\\\/dp-logos-autrecarre-noir-bd.png?fit=143%2C142&ssl=1\",\"contentUrl\":\"https:\\\/\\\/i0.wp.com\\\/www.dolidon-partners.com\\\/wp-content\\\/uploads\\\/dp-logos-autrecarre-noir-bd.png?fit=143%2C142&ssl=1\",\"width\":143,\"height\":142,\"caption\":\"Dolidon Partners\"},\"image\":{\"@id\":\"https:\\\/\\\/www.dolidon-partners.com\\\/en\\\/#\\\/schema\\\/logo\\\/image\\\/\"},\"sameAs\":[\"https:\\\/\\\/www.facebook.com\\\/dolidonpartners\",\"https:\\\/\\\/www.instagram.com\\\/dolidonpartners\",\"https:\\\/\\\/www.linkedin.com\\\/company\\\/dolidon-partners\"]}]}<\/script>\n<!-- \/ Yoast SEO Premium plugin. -->","yoast_head_json":{"title":"Politique de confidentialit\u00e9 - Dolidon Partners | Soci\u00e9t\u00e9 d&#039;avocats","robots":{"index":"index","follow":"follow","max-snippet":"max-snippet:-1","max-image-preview":"max-image-preview:large","max-video-preview":"max-video-preview:-1"},"canonical":"https:\/\/www.dolidon-partners.com\/en\/politique-de-confidentialite\/","og_locale":"en_US","og_type":"article","og_title":"Politique de confidentialit\u00e9","og_description":"Description des traitements Le responsable de traitement des donn\u00e9es \u00e0 caract\u00e8re personnel des utilisateurs du site Internet\u00a0https:\/\/www.dolidon-partners.com est le cabinet [&hellip;]","og_url":"https:\/\/www.dolidon-partners.com\/en\/politique-de-confidentialite\/","og_site_name":"Dolidon Partners | Soci\u00e9t\u00e9 d&#039;avocats","article_publisher":"https:\/\/www.facebook.com\/dolidonpartners","og_image":[{"width":1437,"height":1076,"url":"https:\/\/www.dolidon-partners.com\/wp-content\/uploads\/capture-decran-2017-10-23-a-17-28-51.png","type":"image\/png"}],"twitter_card":"summary_large_image","twitter_misc":{"Est. reading time":"2 minutes"},"schema":{"@context":"https:\/\/schema.org","@graph":[{"@type":"WebPage","@id":"https:\/\/www.dolidon-partners.com\/en\/politique-de-confidentialite\/","url":"https:\/\/www.dolidon-partners.com\/en\/politique-de-confidentialite\/","name":"Politique de confidentialit\u00e9 - Dolidon Partners | Soci\u00e9t\u00e9 d&#039;avocats","isPartOf":{"@id":"https:\/\/www.dolidon-partners.com\/en\/#website"},"datePublished":"2019-12-04T18:02:37+00:00","breadcrumb":{"@id":"https:\/\/www.dolidon-partners.com\/en\/politique-de-confidentialite\/#breadcrumb"},"inLanguage":"en-US","potentialAction":[{"@type":"ReadAction","target":["https:\/\/www.dolidon-partners.com\/en\/politique-de-confidentialite\/"]}]},{"@type":"BreadcrumbList","@id":"https:\/\/www.dolidon-partners.com\/en\/politique-de-confidentialite\/#breadcrumb","itemListElement":[{"@type":"ListItem","position":1,"name":"Home","item":"https:\/\/www.dolidon-partners.com\/en\/"},{"@type":"ListItem","position":2,"name":"Politique de confidentialit\u00e9"}]},{"@type":"WebSite","@id":"https:\/\/www.dolidon-partners.com\/en\/#website","url":"https:\/\/www.dolidon-partners.com\/en\/","name":"Dolidon Partners | Soci\u00e9t\u00e9 d&#039;avocats","description":"Avocats d\u00e9di\u00e9s aux pratiques cl\u00e9s du Droit des Affaires, nous aidons nos clients \u00e0 d\u00e9finir et \u00e0 r\u00e9aliser leurs objectifs.","publisher":{"@id":"https:\/\/www.dolidon-partners.com\/en\/#organization"},"potentialAction":[{"@type":"SearchAction","target":{"@type":"EntryPoint","urlTemplate":"https:\/\/www.dolidon-partners.com\/en\/?s={search_term_string}"},"query-input":{"@type":"PropertyValueSpecification","valueRequired":true,"valueName":"search_term_string"}}],"inLanguage":"en-US"},{"@type":"Organization","@id":"https:\/\/www.dolidon-partners.com\/en\/#organization","name":"Dolidon Partners","url":"https:\/\/www.dolidon-partners.com\/en\/","logo":{"@type":"ImageObject","inLanguage":"en-US","@id":"https:\/\/www.dolidon-partners.com\/en\/#\/schema\/logo\/image\/","url":"https:\/\/i0.wp.com\/www.dolidon-partners.com\/wp-content\/uploads\/dp-logos-autrecarre-noir-bd.png?fit=143%2C142&ssl=1","contentUrl":"https:\/\/i0.wp.com\/www.dolidon-partners.com\/wp-content\/uploads\/dp-logos-autrecarre-noir-bd.png?fit=143%2C142&ssl=1","width":143,"height":142,"caption":"Dolidon Partners"},"image":{"@id":"https:\/\/www.dolidon-partners.com\/en\/#\/schema\/logo\/image\/"},"sameAs":["https:\/\/www.facebook.com\/dolidonpartners","https:\/\/www.instagram.com\/dolidonpartners","https:\/\/www.linkedin.com\/company\/dolidon-partners"]}]}},"jetpack-related-posts":[],"jetpack_sharing_enabled":true,"_links":{"self":[{"href":"https:\/\/www.dolidon-partners.com\/en\/wp-json\/wp\/v2\/pages\/1891","targetHints":{"allow":["GET"]}}],"collection":[{"href":"https:\/\/www.dolidon-partners.com\/en\/wp-json\/wp\/v2\/pages"}],"about":[{"href":"https:\/\/www.dolidon-partners.com\/en\/wp-json\/wp\/v2\/types\/page"}],"author":[{"embeddable":true,"href":"https:\/\/www.dolidon-partners.com\/en\/wp-json\/wp\/v2\/users\/1"}],"replies":[{"embeddable":true,"href":"https:\/\/www.dolidon-partners.com\/en\/wp-json\/wp\/v2\/comments?post=1891"}],"version-history":[{"count":0,"href":"https:\/\/www.dolidon-partners.com\/en\/wp-json\/wp\/v2\/pages\/1891\/revisions"}],"wp:attachment":[{"href":"https:\/\/www.dolidon-partners.com\/en\/wp-json\/wp\/v2\/media?parent=1891"}],"curies":[{"name":"wp","href":"https:\/\/api.w.org\/{rel}","templated":true}]}}