{"id":3854,"date":"2026-04-14T14:10:36","date_gmt":"2026-04-14T13:10:36","guid":{"rendered":"https:\/\/www.dolidon-partners.com\/?page_id=3854"},"modified":"2026-04-14T14:20:26","modified_gmt":"2026-04-14T13:20:26","slug":"anselme-dubin","status":"publish","type":"page","link":"https:\/\/www.dolidon-partners.com\/en\/anselme-dubin\/","title":{"rendered":"Anselme Dubin"},"content":{"rendered":"\n<p>Anselme Dubin primarily practices corporate law, mergers &amp; acquisitions, and capital structure transactions, advising companies, executives, and shareholders in the development of their projects.<\/p>\n\n\n\n<p>Before joining Dolidon Partners, Anselme trained at the firms Fidal and Opleo Avocats.<\/p>\n\n\n\n<h2 class=\"wp-block-heading\" id=\"h-main-practice-areas\">Main practice areas<\/h2>\n\n\n\n<p>Business Law<\/p>\n\n\n\n<p>Corporate Law<\/p>\n\n\n\n<p>Mergers &amp; Acquisitions<\/p>\n\n\n\n<h2 class=\"wp-block-heading\" id=\"h-education\">Education<\/h2>\n\n\n\n<p>Master I Business Law, Universit\u00e9 Paris II Panth\u00e9on-Assas<\/p>\n\n\n\n<p>Master II Business and Tax Law, Universit\u00e9 Paris I Panth\u00e9on-Sorbonne<\/p>\n\n\n\n<h2 class=\"wp-block-heading\" id=\"h-admission\">Admission<\/h2>\n\n\n\n<p>Paris Bar, 2026<\/p>\n\n\n\n<h2 class=\"wp-block-heading\" id=\"h-languages\">Languages<\/h2>\n\n\n\n<p>French<\/p>\n\n\n\n<p>English<\/p>\n\n\n\n<p>German<\/p>\n\n\n\n<p>Spanish<\/p>\n","protected":false},"excerpt":{"rendered":"<p>Anselme Dubin primarily practices corporate law, mergers &amp; acquisitions, and capital structure transactions, advising companies, executives, and shareholders in the [&hellip;]<\/p>\n","protected":false},"author":4,"featured_media":0,"parent":0,"menu_order":0,"comment_status":"closed","ping_status":"closed","template":"template-person.php","meta":{"_acf_changed":false,"footnotes":""},"class_list":["post-3854","page","type-page","status-publish","hentry"],"acf":[],"yoast_head":"<!-- This site is optimized with the Yoast SEO Premium plugin v27.3 (Yoast SEO v27.4) - https:\/\/yoast.com\/product\/yoast-seo-premium-wordpress\/ -->\n<title>Anselme Dubin - Dolidon Partners | Soci\u00e9t\u00e9 d&#039;avocats<\/title>\n<meta name=\"robots\" content=\"index, follow, max-snippet:-1, max-image-preview:large, max-video-preview:-1\" \/>\n<link rel=\"canonical\" href=\"https:\/\/www.dolidon-partners.com\/en\/anselme-dubin\/\" \/>\n<meta property=\"og:locale\" content=\"en_US\" \/>\n<meta property=\"og:type\" content=\"article\" \/>\n<meta property=\"og:title\" content=\"Anselme Dubin\" \/>\n<meta property=\"og:description\" content=\"Anselme Dubin primarily practices corporate law, mergers &amp; acquisitions, and capital structure transactions, advising companies, executives, and shareholders in the [&hellip;]\" \/>\n<meta property=\"og:url\" content=\"https:\/\/www.dolidon-partners.com\/en\/anselme-dubin\/\" \/>\n<meta property=\"og:site_name\" content=\"Dolidon Partners | Soci\u00e9t\u00e9 d&#039;avocats\" \/>\n<meta property=\"article:publisher\" content=\"https:\/\/www.facebook.com\/dolidonpartners\" \/>\n<meta property=\"article:modified_time\" content=\"2026-04-14T13:20:26+00:00\" \/>\n<meta property=\"og:image\" content=\"https:\/\/www.dolidon-partners.com\/wp-content\/uploads\/capture-decran-2017-10-23-a-17-28-51.png\" \/>\n\t<meta property=\"og:image:width\" content=\"1437\" \/>\n\t<meta property=\"og:image:height\" content=\"1076\" \/>\n\t<meta property=\"og:image:type\" content=\"image\/png\" \/>\n<meta name=\"twitter:card\" content=\"summary_large_image\" \/>\n<meta name=\"twitter:label1\" content=\"Est. reading time\" \/>\n\t<meta name=\"twitter:data1\" content=\"1 minute\" \/>\n<script type=\"application\/ld+json\" class=\"yoast-schema-graph\">{\"@context\":\"https:\\\/\\\/schema.org\",\"@graph\":[{\"@type\":\"WebPage\",\"@id\":\"https:\\\/\\\/www.dolidon-partners.com\\\/en\\\/anselme-dubin\\\/\",\"url\":\"https:\\\/\\\/www.dolidon-partners.com\\\/en\\\/anselme-dubin\\\/\",\"name\":\"Anselme Dubin - Dolidon Partners | Soci\u00e9t\u00e9 d&#039;avocats\",\"isPartOf\":{\"@id\":\"https:\\\/\\\/www.dolidon-partners.com\\\/en\\\/#website\"},\"datePublished\":\"2026-04-14T13:10:36+00:00\",\"dateModified\":\"2026-04-14T13:20:26+00:00\",\"breadcrumb\":{\"@id\":\"https:\\\/\\\/www.dolidon-partners.com\\\/en\\\/anselme-dubin\\\/#breadcrumb\"},\"inLanguage\":\"en-US\",\"potentialAction\":[{\"@type\":\"ReadAction\",\"target\":[\"https:\\\/\\\/www.dolidon-partners.com\\\/en\\\/anselme-dubin\\\/\"]}]},{\"@type\":\"BreadcrumbList\",\"@id\":\"https:\\\/\\\/www.dolidon-partners.com\\\/en\\\/anselme-dubin\\\/#breadcrumb\",\"itemListElement\":[{\"@type\":\"ListItem\",\"position\":1,\"name\":\"Home\",\"item\":\"https:\\\/\\\/www.dolidon-partners.com\\\/en\\\/\"},{\"@type\":\"ListItem\",\"position\":2,\"name\":\"Anselme Dubin\"}]},{\"@type\":\"WebSite\",\"@id\":\"https:\\\/\\\/www.dolidon-partners.com\\\/en\\\/#website\",\"url\":\"https:\\\/\\\/www.dolidon-partners.com\\\/en\\\/\",\"name\":\"Dolidon Partners | Soci\u00e9t\u00e9 d&#039;avocats\",\"description\":\"Avocats d\u00e9di\u00e9s aux pratiques cl\u00e9s du Droit des Affaires, nous aidons nos clients \u00e0 d\u00e9finir et \u00e0 r\u00e9aliser leurs objectifs.\",\"publisher\":{\"@id\":\"https:\\\/\\\/www.dolidon-partners.com\\\/en\\\/#organization\"},\"potentialAction\":[{\"@type\":\"SearchAction\",\"target\":{\"@type\":\"EntryPoint\",\"urlTemplate\":\"https:\\\/\\\/www.dolidon-partners.com\\\/en\\\/?s={search_term_string}\"},\"query-input\":{\"@type\":\"PropertyValueSpecification\",\"valueRequired\":true,\"valueName\":\"search_term_string\"}}],\"inLanguage\":\"en-US\"},{\"@type\":\"Organization\",\"@id\":\"https:\\\/\\\/www.dolidon-partners.com\\\/en\\\/#organization\",\"name\":\"Dolidon Partners\",\"url\":\"https:\\\/\\\/www.dolidon-partners.com\\\/en\\\/\",\"logo\":{\"@type\":\"ImageObject\",\"inLanguage\":\"en-US\",\"@id\":\"https:\\\/\\\/www.dolidon-partners.com\\\/en\\\/#\\\/schema\\\/logo\\\/image\\\/\",\"url\":\"https:\\\/\\\/i0.wp.com\\\/www.dolidon-partners.com\\\/wp-content\\\/uploads\\\/dp-logos-autrecarre-noir-bd.png?fit=143%2C142&ssl=1\",\"contentUrl\":\"https:\\\/\\\/i0.wp.com\\\/www.dolidon-partners.com\\\/wp-content\\\/uploads\\\/dp-logos-autrecarre-noir-bd.png?fit=143%2C142&ssl=1\",\"width\":143,\"height\":142,\"caption\":\"Dolidon Partners\"},\"image\":{\"@id\":\"https:\\\/\\\/www.dolidon-partners.com\\\/en\\\/#\\\/schema\\\/logo\\\/image\\\/\"},\"sameAs\":[\"https:\\\/\\\/www.facebook.com\\\/dolidonpartners\",\"https:\\\/\\\/www.instagram.com\\\/dolidonpartners\",\"https:\\\/\\\/www.linkedin.com\\\/company\\\/dolidon-partners\"]}]}<\/script>\n<!-- \/ Yoast SEO Premium plugin. -->","yoast_head_json":{"title":"Anselme Dubin - Dolidon Partners | Soci\u00e9t\u00e9 d&#039;avocats","robots":{"index":"index","follow":"follow","max-snippet":"max-snippet:-1","max-image-preview":"max-image-preview:large","max-video-preview":"max-video-preview:-1"},"canonical":"https:\/\/www.dolidon-partners.com\/en\/anselme-dubin\/","og_locale":"en_US","og_type":"article","og_title":"Anselme Dubin","og_description":"Anselme Dubin primarily practices corporate law, mergers &amp; acquisitions, and capital structure transactions, advising companies, executives, and shareholders in the [&hellip;]","og_url":"https:\/\/www.dolidon-partners.com\/en\/anselme-dubin\/","og_site_name":"Dolidon Partners | Soci\u00e9t\u00e9 d&#039;avocats","article_publisher":"https:\/\/www.facebook.com\/dolidonpartners","article_modified_time":"2026-04-14T13:20:26+00:00","og_image":[{"width":1437,"height":1076,"url":"https:\/\/www.dolidon-partners.com\/wp-content\/uploads\/capture-decran-2017-10-23-a-17-28-51.png","type":"image\/png"}],"twitter_card":"summary_large_image","twitter_misc":{"Est. reading time":"1 minute"},"schema":{"@context":"https:\/\/schema.org","@graph":[{"@type":"WebPage","@id":"https:\/\/www.dolidon-partners.com\/en\/anselme-dubin\/","url":"https:\/\/www.dolidon-partners.com\/en\/anselme-dubin\/","name":"Anselme Dubin - Dolidon Partners | Soci\u00e9t\u00e9 d&#039;avocats","isPartOf":{"@id":"https:\/\/www.dolidon-partners.com\/en\/#website"},"datePublished":"2026-04-14T13:10:36+00:00","dateModified":"2026-04-14T13:20:26+00:00","breadcrumb":{"@id":"https:\/\/www.dolidon-partners.com\/en\/anselme-dubin\/#breadcrumb"},"inLanguage":"en-US","potentialAction":[{"@type":"ReadAction","target":["https:\/\/www.dolidon-partners.com\/en\/anselme-dubin\/"]}]},{"@type":"BreadcrumbList","@id":"https:\/\/www.dolidon-partners.com\/en\/anselme-dubin\/#breadcrumb","itemListElement":[{"@type":"ListItem","position":1,"name":"Home","item":"https:\/\/www.dolidon-partners.com\/en\/"},{"@type":"ListItem","position":2,"name":"Anselme Dubin"}]},{"@type":"WebSite","@id":"https:\/\/www.dolidon-partners.com\/en\/#website","url":"https:\/\/www.dolidon-partners.com\/en\/","name":"Dolidon Partners | Soci\u00e9t\u00e9 d&#039;avocats","description":"Avocats d\u00e9di\u00e9s aux pratiques cl\u00e9s du Droit des Affaires, nous aidons nos clients \u00e0 d\u00e9finir et \u00e0 r\u00e9aliser leurs objectifs.","publisher":{"@id":"https:\/\/www.dolidon-partners.com\/en\/#organization"},"potentialAction":[{"@type":"SearchAction","target":{"@type":"EntryPoint","urlTemplate":"https:\/\/www.dolidon-partners.com\/en\/?s={search_term_string}"},"query-input":{"@type":"PropertyValueSpecification","valueRequired":true,"valueName":"search_term_string"}}],"inLanguage":"en-US"},{"@type":"Organization","@id":"https:\/\/www.dolidon-partners.com\/en\/#organization","name":"Dolidon Partners","url":"https:\/\/www.dolidon-partners.com\/en\/","logo":{"@type":"ImageObject","inLanguage":"en-US","@id":"https:\/\/www.dolidon-partners.com\/en\/#\/schema\/logo\/image\/","url":"https:\/\/i0.wp.com\/www.dolidon-partners.com\/wp-content\/uploads\/dp-logos-autrecarre-noir-bd.png?fit=143%2C142&ssl=1","contentUrl":"https:\/\/i0.wp.com\/www.dolidon-partners.com\/wp-content\/uploads\/dp-logos-autrecarre-noir-bd.png?fit=143%2C142&ssl=1","width":143,"height":142,"caption":"Dolidon Partners"},"image":{"@id":"https:\/\/www.dolidon-partners.com\/en\/#\/schema\/logo\/image\/"},"sameAs":["https:\/\/www.facebook.com\/dolidonpartners","https:\/\/www.instagram.com\/dolidonpartners","https:\/\/www.linkedin.com\/company\/dolidon-partners"]}]}},"jetpack-related-posts":[],"jetpack_sharing_enabled":true,"_links":{"self":[{"href":"https:\/\/www.dolidon-partners.com\/en\/wp-json\/wp\/v2\/pages\/3854","targetHints":{"allow":["GET"]}}],"collection":[{"href":"https:\/\/www.dolidon-partners.com\/en\/wp-json\/wp\/v2\/pages"}],"about":[{"href":"https:\/\/www.dolidon-partners.com\/en\/wp-json\/wp\/v2\/types\/page"}],"author":[{"embeddable":true,"href":"https:\/\/www.dolidon-partners.com\/en\/wp-json\/wp\/v2\/users\/4"}],"replies":[{"embeddable":true,"href":"https:\/\/www.dolidon-partners.com\/en\/wp-json\/wp\/v2\/comments?post=3854"}],"version-history":[{"count":3,"href":"https:\/\/www.dolidon-partners.com\/en\/wp-json\/wp\/v2\/pages\/3854\/revisions"}],"predecessor-version":[{"id":3860,"href":"https:\/\/www.dolidon-partners.com\/en\/wp-json\/wp\/v2\/pages\/3854\/revisions\/3860"}],"wp:attachment":[{"href":"https:\/\/www.dolidon-partners.com\/en\/wp-json\/wp\/v2\/media?parent=3854"}],"curies":[{"name":"wp","href":"https:\/\/api.w.org\/{rel}","templated":true}]}}