{"id":635,"date":"2017-09-01T19:28:12","date_gmt":"2017-09-01T18:28:12","guid":{"rendered":"https:\/\/www.dolidon-partners.com\/mentions-legales\/"},"modified":"2018-05-14T12:50:30","modified_gmt":"2018-05-14T11:50:30","slug":"mentions-legales","status":"publish","type":"page","link":"https:\/\/www.dolidon-partners.com\/en\/mentions-legales\/","title":{"rendered":"Mentions l\u00e9gales"},"content":{"rendered":"<p><a href=\"https:\/\/www.dolidon-partners.com\">www.dolidon-partners.com<\/a>\u00a0is edited by Dolidon Partners, whose registered office is located at 11 bis, rue Volney, 75002 Paris, France.<\/p>\n<p>&nbsp;<\/p>\n<p><strong>Graphic design<\/strong><\/p>\n<p>Natacha Sellier (<a href=\"http:\/\/www.natachasellier.com\" target=\"_blank\" rel=\"noopener\">www.natachasellier.com<\/a>)<\/p>\n<p>&nbsp;<\/p>\n<p><strong>Web development<\/strong><br \/>\nmill studio (<a href=\"http:\/\/www.millstudio.pl\" target=\"_blank\" rel=\"noopener\">www.millstudio.pl<\/a>)<\/p>\n<p>&nbsp;<\/p>\n<p><strong>Photos<\/strong><\/p>\n<p>S\u00e9bastien Dolidon (<a href=\"http:\/\/www.dolidon.photo\" target=\"_blank\" rel=\"noopener\">www.dolidon.photo<\/a>)<\/p>\n<p>&nbsp;<\/p>\n<p>Conform\u00e9ment \u00e0 la loi du 6 janvier 1978, la soci\u00e9t\u00e9 Dolidon Partners est le seul destinataire des informations et des donn\u00e9es personnelles transmises par courrier \u00e9lectronique. Les personnes int\u00e9ress\u00e9es disposent d\u2019un droit d\u2019acc\u00e8s, de modification et de suppression des donn\u00e9es personnelles qui les concernent, il suffit d\u2019en faire la demande \u00e0 <a href=\"mailto:contact@dolidon-partners.com\">contact@dolidon-partners.com<\/a>.<\/p>\n","protected":false},"excerpt":{"rendered":"<p>www.dolidon-partners.com\u00a0is edited by Dolidon Partners, whose registered office is located at 11 bis, rue Volney, 75002 Paris, France. &nbsp; Graphic [&hellip;]<\/p>\n","protected":false},"author":1,"featured_media":0,"parent":0,"menu_order":999,"comment_status":"closed","ping_status":"closed","template":"","meta":{"_acf_changed":false,"footnotes":""},"class_list":["post-635","page","type-page","status-publish","hentry"],"acf":[],"yoast_head":"<!-- This site is optimized with the Yoast SEO Premium plugin v27.5 (Yoast SEO v27.5) - https:\/\/yoast.com\/product\/yoast-seo-premium-wordpress\/ -->\n<title>Mentions l\u00e9gales - Dolidon Partners | Soci\u00e9t\u00e9 d&#039;avocats<\/title>\n<meta name=\"robots\" content=\"index, follow, max-snippet:-1, max-image-preview:large, max-video-preview:-1\" \/>\n<link rel=\"canonical\" href=\"https:\/\/www.dolidon-partners.com\/en\/mentions-legales\/\" \/>\n<meta property=\"og:locale\" content=\"en_US\" \/>\n<meta property=\"og:type\" content=\"article\" \/>\n<meta property=\"og:title\" content=\"Mentions l\u00e9gales\" \/>\n<meta property=\"og:description\" content=\"www.dolidon-partners.com\u00a0is edited by Dolidon Partners, whose registered office is located at 11 bis, rue Volney, 75002 Paris, France. &nbsp; Graphic [&hellip;]\" \/>\n<meta property=\"og:url\" content=\"https:\/\/www.dolidon-partners.com\/en\/mentions-legales\/\" \/>\n<meta property=\"og:site_name\" content=\"Dolidon Partners | Soci\u00e9t\u00e9 d&#039;avocats\" \/>\n<meta property=\"article:publisher\" content=\"https:\/\/www.facebook.com\/dolidonpartners\" \/>\n<meta property=\"article:modified_time\" content=\"2018-05-14T11:50:30+00:00\" \/>\n<meta property=\"og:image\" content=\"https:\/\/www.dolidon-partners.com\/wp-content\/uploads\/capture-decran-2017-10-23-a-17-28-51.png\" \/>\n\t<meta property=\"og:image:width\" content=\"1437\" \/>\n\t<meta property=\"og:image:height\" content=\"1076\" \/>\n\t<meta property=\"og:image:type\" content=\"image\/png\" \/>\n<meta name=\"twitter:card\" content=\"summary_large_image\" \/>\n<meta name=\"twitter:label1\" content=\"Est. reading time\" \/>\n\t<meta name=\"twitter:data1\" content=\"1 minute\" \/>\n<script type=\"application\/ld+json\" class=\"yoast-schema-graph\">{\"@context\":\"https:\\\/\\\/schema.org\",\"@graph\":[{\"@type\":\"WebPage\",\"@id\":\"https:\\\/\\\/www.dolidon-partners.com\\\/en\\\/mentions-legales\\\/\",\"url\":\"https:\\\/\\\/www.dolidon-partners.com\\\/en\\\/mentions-legales\\\/\",\"name\":\"Mentions l\u00e9gales - Dolidon Partners | Soci\u00e9t\u00e9 d&#039;avocats\",\"isPartOf\":{\"@id\":\"https:\\\/\\\/www.dolidon-partners.com\\\/en\\\/#website\"},\"datePublished\":\"2017-09-01T18:28:12+00:00\",\"dateModified\":\"2018-05-14T11:50:30+00:00\",\"breadcrumb\":{\"@id\":\"https:\\\/\\\/www.dolidon-partners.com\\\/en\\\/mentions-legales\\\/#breadcrumb\"},\"inLanguage\":\"en-US\",\"potentialAction\":[{\"@type\":\"ReadAction\",\"target\":[\"https:\\\/\\\/www.dolidon-partners.com\\\/en\\\/mentions-legales\\\/\"]}]},{\"@type\":\"BreadcrumbList\",\"@id\":\"https:\\\/\\\/www.dolidon-partners.com\\\/en\\\/mentions-legales\\\/#breadcrumb\",\"itemListElement\":[{\"@type\":\"ListItem\",\"position\":1,\"name\":\"Home\",\"item\":\"https:\\\/\\\/www.dolidon-partners.com\\\/en\\\/\"},{\"@type\":\"ListItem\",\"position\":2,\"name\":\"Mentions l\u00e9gales\"}]},{\"@type\":\"WebSite\",\"@id\":\"https:\\\/\\\/www.dolidon-partners.com\\\/en\\\/#website\",\"url\":\"https:\\\/\\\/www.dolidon-partners.com\\\/en\\\/\",\"name\":\"Dolidon Partners | Soci\u00e9t\u00e9 d&#039;avocats\",\"description\":\"Avocats d\u00e9di\u00e9s aux pratiques cl\u00e9s du Droit des Affaires, nous aidons nos clients \u00e0 d\u00e9finir et \u00e0 r\u00e9aliser leurs objectifs.\",\"publisher\":{\"@id\":\"https:\\\/\\\/www.dolidon-partners.com\\\/en\\\/#organization\"},\"potentialAction\":[{\"@type\":\"SearchAction\",\"target\":{\"@type\":\"EntryPoint\",\"urlTemplate\":\"https:\\\/\\\/www.dolidon-partners.com\\\/en\\\/?s={search_term_string}\"},\"query-input\":{\"@type\":\"PropertyValueSpecification\",\"valueRequired\":true,\"valueName\":\"search_term_string\"}}],\"inLanguage\":\"en-US\"},{\"@type\":\"Organization\",\"@id\":\"https:\\\/\\\/www.dolidon-partners.com\\\/en\\\/#organization\",\"name\":\"Dolidon Partners\",\"url\":\"https:\\\/\\\/www.dolidon-partners.com\\\/en\\\/\",\"logo\":{\"@type\":\"ImageObject\",\"inLanguage\":\"en-US\",\"@id\":\"https:\\\/\\\/www.dolidon-partners.com\\\/en\\\/#\\\/schema\\\/logo\\\/image\\\/\",\"url\":\"https:\\\/\\\/www.dolidon-partners.com\\\/wp-content\\\/uploads\\\/dp-logos-autrecarre-noir-bd.png\",\"contentUrl\":\"https:\\\/\\\/www.dolidon-partners.com\\\/wp-content\\\/uploads\\\/dp-logos-autrecarre-noir-bd.png\",\"width\":143,\"height\":142,\"caption\":\"Dolidon Partners\"},\"image\":{\"@id\":\"https:\\\/\\\/www.dolidon-partners.com\\\/en\\\/#\\\/schema\\\/logo\\\/image\\\/\"},\"sameAs\":[\"https:\\\/\\\/www.facebook.com\\\/dolidonpartners\",\"https:\\\/\\\/www.instagram.com\\\/dolidonpartners\",\"https:\\\/\\\/www.linkedin.com\\\/company\\\/dolidon-partners\"]}]}<\/script>\n<!-- \/ Yoast SEO Premium plugin. -->","yoast_head_json":{"title":"Mentions l\u00e9gales - Dolidon Partners | Soci\u00e9t\u00e9 d&#039;avocats","robots":{"index":"index","follow":"follow","max-snippet":"max-snippet:-1","max-image-preview":"max-image-preview:large","max-video-preview":"max-video-preview:-1"},"canonical":"https:\/\/www.dolidon-partners.com\/en\/mentions-legales\/","og_locale":"en_US","og_type":"article","og_title":"Mentions l\u00e9gales","og_description":"www.dolidon-partners.com\u00a0is edited by Dolidon Partners, whose registered office is located at 11 bis, rue Volney, 75002 Paris, France. &nbsp; Graphic [&hellip;]","og_url":"https:\/\/www.dolidon-partners.com\/en\/mentions-legales\/","og_site_name":"Dolidon Partners | Soci\u00e9t\u00e9 d&#039;avocats","article_publisher":"https:\/\/www.facebook.com\/dolidonpartners","article_modified_time":"2018-05-14T11:50:30+00:00","og_image":[{"width":1437,"height":1076,"url":"https:\/\/www.dolidon-partners.com\/wp-content\/uploads\/capture-decran-2017-10-23-a-17-28-51.png","type":"image\/png"}],"twitter_card":"summary_large_image","twitter_misc":{"Est. reading time":"1 minute"},"schema":{"@context":"https:\/\/schema.org","@graph":[{"@type":"WebPage","@id":"https:\/\/www.dolidon-partners.com\/en\/mentions-legales\/","url":"https:\/\/www.dolidon-partners.com\/en\/mentions-legales\/","name":"Mentions l\u00e9gales - Dolidon Partners | Soci\u00e9t\u00e9 d&#039;avocats","isPartOf":{"@id":"https:\/\/www.dolidon-partners.com\/en\/#website"},"datePublished":"2017-09-01T18:28:12+00:00","dateModified":"2018-05-14T11:50:30+00:00","breadcrumb":{"@id":"https:\/\/www.dolidon-partners.com\/en\/mentions-legales\/#breadcrumb"},"inLanguage":"en-US","potentialAction":[{"@type":"ReadAction","target":["https:\/\/www.dolidon-partners.com\/en\/mentions-legales\/"]}]},{"@type":"BreadcrumbList","@id":"https:\/\/www.dolidon-partners.com\/en\/mentions-legales\/#breadcrumb","itemListElement":[{"@type":"ListItem","position":1,"name":"Home","item":"https:\/\/www.dolidon-partners.com\/en\/"},{"@type":"ListItem","position":2,"name":"Mentions l\u00e9gales"}]},{"@type":"WebSite","@id":"https:\/\/www.dolidon-partners.com\/en\/#website","url":"https:\/\/www.dolidon-partners.com\/en\/","name":"Dolidon Partners | Soci\u00e9t\u00e9 d&#039;avocats","description":"Avocats d\u00e9di\u00e9s aux pratiques cl\u00e9s du Droit des Affaires, nous aidons nos clients \u00e0 d\u00e9finir et \u00e0 r\u00e9aliser leurs objectifs.","publisher":{"@id":"https:\/\/www.dolidon-partners.com\/en\/#organization"},"potentialAction":[{"@type":"SearchAction","target":{"@type":"EntryPoint","urlTemplate":"https:\/\/www.dolidon-partners.com\/en\/?s={search_term_string}"},"query-input":{"@type":"PropertyValueSpecification","valueRequired":true,"valueName":"search_term_string"}}],"inLanguage":"en-US"},{"@type":"Organization","@id":"https:\/\/www.dolidon-partners.com\/en\/#organization","name":"Dolidon Partners","url":"https:\/\/www.dolidon-partners.com\/en\/","logo":{"@type":"ImageObject","inLanguage":"en-US","@id":"https:\/\/www.dolidon-partners.com\/en\/#\/schema\/logo\/image\/","url":"https:\/\/www.dolidon-partners.com\/wp-content\/uploads\/dp-logos-autrecarre-noir-bd.png","contentUrl":"https:\/\/www.dolidon-partners.com\/wp-content\/uploads\/dp-logos-autrecarre-noir-bd.png","width":143,"height":142,"caption":"Dolidon Partners"},"image":{"@id":"https:\/\/www.dolidon-partners.com\/en\/#\/schema\/logo\/image\/"},"sameAs":["https:\/\/www.facebook.com\/dolidonpartners","https:\/\/www.instagram.com\/dolidonpartners","https:\/\/www.linkedin.com\/company\/dolidon-partners"]}]}},"jetpack-related-posts":[],"jetpack_sharing_enabled":true,"_links":{"self":[{"href":"https:\/\/www.dolidon-partners.com\/en\/wp-json\/wp\/v2\/pages\/635","targetHints":{"allow":["GET"]}}],"collection":[{"href":"https:\/\/www.dolidon-partners.com\/en\/wp-json\/wp\/v2\/pages"}],"about":[{"href":"https:\/\/www.dolidon-partners.com\/en\/wp-json\/wp\/v2\/types\/page"}],"author":[{"embeddable":true,"href":"https:\/\/www.dolidon-partners.com\/en\/wp-json\/wp\/v2\/users\/1"}],"replies":[{"embeddable":true,"href":"https:\/\/www.dolidon-partners.com\/en\/wp-json\/wp\/v2\/comments?post=635"}],"version-history":[{"count":1,"href":"https:\/\/www.dolidon-partners.com\/en\/wp-json\/wp\/v2\/pages\/635\/revisions"}],"predecessor-version":[{"id":764,"href":"https:\/\/www.dolidon-partners.com\/en\/wp-json\/wp\/v2\/pages\/635\/revisions\/764"}],"wp:attachment":[{"href":"https:\/\/www.dolidon-partners.com\/en\/wp-json\/wp\/v2\/media?parent=635"}],"curies":[{"name":"wp","href":"https:\/\/api.w.org\/{rel}","templated":true}]}}