{"id":714,"date":"2018-04-20T09:22:15","date_gmt":"2018-04-20T08:22:15","guid":{"rendered":"https:\/\/www.dolidon-partners.com\/?page_id=714"},"modified":"2020-07-28T21:34:22","modified_gmt":"2020-07-28T20:34:22","slug":"charlotte-dore","status":"publish","type":"page","link":"https:\/\/www.dolidon-partners.com\/en\/equipe\/charlotte-dore\/","title":{"rendered":"Charlotte Dor\u00e9"},"content":{"rendered":"","protected":false},"excerpt":{"rendered":"","protected":false},"author":2,"featured_media":0,"parent":14,"menu_order":12,"comment_status":"closed","ping_status":"closed","template":"template-person.php","meta":{"_acf_changed":false,"footnotes":""},"class_list":["post-714","page","type-page","status-publish","hentry"],"acf":[],"yoast_head":"<!-- This site is optimized with the Yoast SEO Premium plugin v27.4 (Yoast SEO v27.4) - https:\/\/yoast.com\/product\/yoast-seo-premium-wordpress\/ -->\n<title>Charlotte Dor\u00e9 - Dolidon Partners | Soci\u00e9t\u00e9 d&#039;avocats<\/title>\n<meta name=\"robots\" content=\"index, follow, max-snippet:-1, max-image-preview:large, max-video-preview:-1\" \/>\n<link rel=\"canonical\" href=\"https:\/\/www.dolidon-partners.com\/en\/equipe\/charlotte-dore\/\" \/>\n<meta property=\"og:locale\" content=\"en_US\" \/>\n<meta property=\"og:type\" content=\"article\" \/>\n<meta property=\"og:title\" content=\"Charlotte Dor\u00e9\" \/>\n<meta property=\"og:url\" content=\"https:\/\/www.dolidon-partners.com\/en\/equipe\/charlotte-dore\/\" \/>\n<meta property=\"og:site_name\" content=\"Dolidon Partners | Soci\u00e9t\u00e9 d&#039;avocats\" \/>\n<meta property=\"article:publisher\" content=\"https:\/\/www.facebook.com\/dolidonpartners\" \/>\n<meta property=\"article:modified_time\" content=\"2020-07-28T20:34:22+00:00\" \/>\n<meta property=\"og:image\" content=\"https:\/\/www.dolidon-partners.com\/wp-content\/uploads\/capture-decran-2017-10-23-a-17-28-51.png\" \/>\n\t<meta property=\"og:image:width\" content=\"1437\" \/>\n\t<meta property=\"og:image:height\" content=\"1076\" \/>\n\t<meta property=\"og:image:type\" content=\"image\/png\" \/>\n<meta name=\"twitter:card\" content=\"summary_large_image\" \/>\n<script type=\"application\/ld+json\" class=\"yoast-schema-graph\">{\"@context\":\"https:\\\/\\\/schema.org\",\"@graph\":[{\"@type\":\"WebPage\",\"@id\":\"https:\\\/\\\/www.dolidon-partners.com\\\/en\\\/equipe\\\/charlotte-dore\\\/\",\"url\":\"https:\\\/\\\/www.dolidon-partners.com\\\/en\\\/equipe\\\/charlotte-dore\\\/\",\"name\":\"Charlotte Dor\u00e9 - Dolidon Partners | Soci\u00e9t\u00e9 d&#039;avocats\",\"isPartOf\":{\"@id\":\"https:\\\/\\\/www.dolidon-partners.com\\\/en\\\/#website\"},\"datePublished\":\"2018-04-20T08:22:15+00:00\",\"dateModified\":\"2020-07-28T20:34:22+00:00\",\"breadcrumb\":{\"@id\":\"https:\\\/\\\/www.dolidon-partners.com\\\/en\\\/equipe\\\/charlotte-dore\\\/#breadcrumb\"},\"inLanguage\":\"en-US\",\"potentialAction\":[{\"@type\":\"ReadAction\",\"target\":[\"https:\\\/\\\/www.dolidon-partners.com\\\/en\\\/equipe\\\/charlotte-dore\\\/\"]}]},{\"@type\":\"BreadcrumbList\",\"@id\":\"https:\\\/\\\/www.dolidon-partners.com\\\/en\\\/equipe\\\/charlotte-dore\\\/#breadcrumb\",\"itemListElement\":[{\"@type\":\"ListItem\",\"position\":1,\"name\":\"Home\",\"item\":\"https:\\\/\\\/www.dolidon-partners.com\\\/en\\\/\"},{\"@type\":\"ListItem\",\"position\":2,\"name\":\"Equipe\",\"item\":\"https:\\\/\\\/www.dolidon-partners.com\\\/en\\\/equipe\\\/\"},{\"@type\":\"ListItem\",\"position\":3,\"name\":\"Charlotte Dor\u00e9\"}]},{\"@type\":\"WebSite\",\"@id\":\"https:\\\/\\\/www.dolidon-partners.com\\\/en\\\/#website\",\"url\":\"https:\\\/\\\/www.dolidon-partners.com\\\/en\\\/\",\"name\":\"Dolidon Partners | Soci\u00e9t\u00e9 d&#039;avocats\",\"description\":\"Avocats d\u00e9di\u00e9s aux pratiques cl\u00e9s du Droit des Affaires, nous aidons nos clients \u00e0 d\u00e9finir et \u00e0 r\u00e9aliser leurs objectifs.\",\"publisher\":{\"@id\":\"https:\\\/\\\/www.dolidon-partners.com\\\/en\\\/#organization\"},\"potentialAction\":[{\"@type\":\"SearchAction\",\"target\":{\"@type\":\"EntryPoint\",\"urlTemplate\":\"https:\\\/\\\/www.dolidon-partners.com\\\/en\\\/?s={search_term_string}\"},\"query-input\":{\"@type\":\"PropertyValueSpecification\",\"valueRequired\":true,\"valueName\":\"search_term_string\"}}],\"inLanguage\":\"en-US\"},{\"@type\":\"Organization\",\"@id\":\"https:\\\/\\\/www.dolidon-partners.com\\\/en\\\/#organization\",\"name\":\"Dolidon Partners\",\"url\":\"https:\\\/\\\/www.dolidon-partners.com\\\/en\\\/\",\"logo\":{\"@type\":\"ImageObject\",\"inLanguage\":\"en-US\",\"@id\":\"https:\\\/\\\/www.dolidon-partners.com\\\/en\\\/#\\\/schema\\\/logo\\\/image\\\/\",\"url\":\"https:\\\/\\\/www.dolidon-partners.com\\\/wp-content\\\/uploads\\\/dp-logos-autrecarre-noir-bd.png\",\"contentUrl\":\"https:\\\/\\\/www.dolidon-partners.com\\\/wp-content\\\/uploads\\\/dp-logos-autrecarre-noir-bd.png\",\"width\":143,\"height\":142,\"caption\":\"Dolidon Partners\"},\"image\":{\"@id\":\"https:\\\/\\\/www.dolidon-partners.com\\\/en\\\/#\\\/schema\\\/logo\\\/image\\\/\"},\"sameAs\":[\"https:\\\/\\\/www.facebook.com\\\/dolidonpartners\",\"https:\\\/\\\/www.instagram.com\\\/dolidonpartners\",\"https:\\\/\\\/www.linkedin.com\\\/company\\\/dolidon-partners\"]}]}<\/script>\n<!-- \/ Yoast SEO Premium plugin. -->","yoast_head_json":{"title":"Charlotte Dor\u00e9 - Dolidon Partners | Soci\u00e9t\u00e9 d&#039;avocats","robots":{"index":"index","follow":"follow","max-snippet":"max-snippet:-1","max-image-preview":"max-image-preview:large","max-video-preview":"max-video-preview:-1"},"canonical":"https:\/\/www.dolidon-partners.com\/en\/equipe\/charlotte-dore\/","og_locale":"en_US","og_type":"article","og_title":"Charlotte Dor\u00e9","og_url":"https:\/\/www.dolidon-partners.com\/en\/equipe\/charlotte-dore\/","og_site_name":"Dolidon Partners | Soci\u00e9t\u00e9 d&#039;avocats","article_publisher":"https:\/\/www.facebook.com\/dolidonpartners","article_modified_time":"2020-07-28T20:34:22+00:00","og_image":[{"width":1437,"height":1076,"url":"https:\/\/www.dolidon-partners.com\/wp-content\/uploads\/capture-decran-2017-10-23-a-17-28-51.png","type":"image\/png"}],"twitter_card":"summary_large_image","schema":{"@context":"https:\/\/schema.org","@graph":[{"@type":"WebPage","@id":"https:\/\/www.dolidon-partners.com\/en\/equipe\/charlotte-dore\/","url":"https:\/\/www.dolidon-partners.com\/en\/equipe\/charlotte-dore\/","name":"Charlotte Dor\u00e9 - Dolidon Partners | Soci\u00e9t\u00e9 d&#039;avocats","isPartOf":{"@id":"https:\/\/www.dolidon-partners.com\/en\/#website"},"datePublished":"2018-04-20T08:22:15+00:00","dateModified":"2020-07-28T20:34:22+00:00","breadcrumb":{"@id":"https:\/\/www.dolidon-partners.com\/en\/equipe\/charlotte-dore\/#breadcrumb"},"inLanguage":"en-US","potentialAction":[{"@type":"ReadAction","target":["https:\/\/www.dolidon-partners.com\/en\/equipe\/charlotte-dore\/"]}]},{"@type":"BreadcrumbList","@id":"https:\/\/www.dolidon-partners.com\/en\/equipe\/charlotte-dore\/#breadcrumb","itemListElement":[{"@type":"ListItem","position":1,"name":"Home","item":"https:\/\/www.dolidon-partners.com\/en\/"},{"@type":"ListItem","position":2,"name":"Equipe","item":"https:\/\/www.dolidon-partners.com\/en\/equipe\/"},{"@type":"ListItem","position":3,"name":"Charlotte Dor\u00e9"}]},{"@type":"WebSite","@id":"https:\/\/www.dolidon-partners.com\/en\/#website","url":"https:\/\/www.dolidon-partners.com\/en\/","name":"Dolidon Partners | Soci\u00e9t\u00e9 d&#039;avocats","description":"Avocats d\u00e9di\u00e9s aux pratiques cl\u00e9s du Droit des Affaires, nous aidons nos clients \u00e0 d\u00e9finir et \u00e0 r\u00e9aliser leurs objectifs.","publisher":{"@id":"https:\/\/www.dolidon-partners.com\/en\/#organization"},"potentialAction":[{"@type":"SearchAction","target":{"@type":"EntryPoint","urlTemplate":"https:\/\/www.dolidon-partners.com\/en\/?s={search_term_string}"},"query-input":{"@type":"PropertyValueSpecification","valueRequired":true,"valueName":"search_term_string"}}],"inLanguage":"en-US"},{"@type":"Organization","@id":"https:\/\/www.dolidon-partners.com\/en\/#organization","name":"Dolidon Partners","url":"https:\/\/www.dolidon-partners.com\/en\/","logo":{"@type":"ImageObject","inLanguage":"en-US","@id":"https:\/\/www.dolidon-partners.com\/en\/#\/schema\/logo\/image\/","url":"https:\/\/www.dolidon-partners.com\/wp-content\/uploads\/dp-logos-autrecarre-noir-bd.png","contentUrl":"https:\/\/www.dolidon-partners.com\/wp-content\/uploads\/dp-logos-autrecarre-noir-bd.png","width":143,"height":142,"caption":"Dolidon Partners"},"image":{"@id":"https:\/\/www.dolidon-partners.com\/en\/#\/schema\/logo\/image\/"},"sameAs":["https:\/\/www.facebook.com\/dolidonpartners","https:\/\/www.instagram.com\/dolidonpartners","https:\/\/www.linkedin.com\/company\/dolidon-partners"]}]}},"jetpack-related-posts":[],"jetpack_sharing_enabled":true,"_links":{"self":[{"href":"https:\/\/www.dolidon-partners.com\/en\/wp-json\/wp\/v2\/pages\/714","targetHints":{"allow":["GET"]}}],"collection":[{"href":"https:\/\/www.dolidon-partners.com\/en\/wp-json\/wp\/v2\/pages"}],"about":[{"href":"https:\/\/www.dolidon-partners.com\/en\/wp-json\/wp\/v2\/types\/page"}],"author":[{"embeddable":true,"href":"https:\/\/www.dolidon-partners.com\/en\/wp-json\/wp\/v2\/users\/2"}],"replies":[{"embeddable":true,"href":"https:\/\/www.dolidon-partners.com\/en\/wp-json\/wp\/v2\/comments?post=714"}],"version-history":[{"count":9,"href":"https:\/\/www.dolidon-partners.com\/en\/wp-json\/wp\/v2\/pages\/714\/revisions"}],"predecessor-version":[{"id":799,"href":"https:\/\/www.dolidon-partners.com\/en\/wp-json\/wp\/v2\/pages\/714\/revisions\/799"}],"up":[{"embeddable":true,"href":"https:\/\/www.dolidon-partners.com\/en\/wp-json\/wp\/v2\/pages\/14"}],"wp:attachment":[{"href":"https:\/\/www.dolidon-partners.com\/en\/wp-json\/wp\/v2\/media?parent=714"}],"curies":[{"name":"wp","href":"https:\/\/api.w.org\/{rel}","templated":true}]}}