{"id":634,"date":"2017-09-01T19:28:12","date_gmt":"2017-09-01T18:28:12","guid":{"rendered":"https:\/\/www.dolidon-partners.com\/mentions-legales\/"},"modified":"2018-05-14T13:17:56","modified_gmt":"2018-05-14T12:17:56","slug":"mentions-legales","status":"publish","type":"page","link":"https:\/\/www.dolidon-partners.com\/pt-pt\/mentions-legales\/","title":{"rendered":"Avisos Legais"},"content":{"rendered":"<p>O site\u00a0<a href=\"https:\/\/www.dolidon-partners.com\">www.dolidon-partners.com\u00a0<\/a>\u00e9 editado pela sociedade Dolidon Partners, cuja sede social est\u00e1 situada em 11 Bis, rue Volney, 75002 Paris, FR.<\/p>\n<p>&nbsp;<\/p>\n<p><strong>Design Gr\u00e1fico<\/strong><\/p>\n<p>Natacha Sellier (<a href=\"http:\/\/www.natachasellier.com\" target=\"_blank\" rel=\"noopener\">www.natachasellier.com<\/a>)<\/p>\n<p>&nbsp;<\/p>\n<p><strong>Desenvolvimento Web<\/strong><br \/>\nmill studio (<a href=\"http:\/\/www.millstudio.pl\" target=\"_blank\" rel=\"noopener\">www.millstudio.pl<\/a>)<\/p>\n<p>&nbsp;<\/p>\n<p><strong>Fotos<\/strong><\/p>\n<p>S\u00e9bastien Dolidon (<a href=\"http:\/\/www.dolidon.photo\" target=\"_blank\" rel=\"noopener\">www.dolidon.photo<\/a>)<\/p>\n<p>&nbsp;<\/p>\n<p>Conform\u00e9ment \u00e0 la loi du 6 janvier 1978, la soci\u00e9t\u00e9 Dolidon Partners est le seul destinataire des informations et des donn\u00e9es personnelles transmises par courrier \u00e9lectronique. Les personnes int\u00e9ress\u00e9es disposent d\u2019un droit d\u2019acc\u00e8s, de modification et de suppression des donn\u00e9es personnelles qui les concernent, il suffit d\u2019en faire la demande \u00e0 <a href=\"mailto:contact@dolidon-partners.com\">contact@dolidon-partners.com<\/a>.<\/p>\n","protected":false},"excerpt":{"rendered":"<p>O site\u00a0www.dolidon-partners.com\u00a0\u00e9 editado pela sociedade Dolidon Partners, cuja sede social est\u00e1 situada em 11 Bis, rue Volney, 75002 Paris, FR. [&hellip;]<\/p>\n","protected":false},"author":1,"featured_media":0,"parent":0,"menu_order":999,"comment_status":"closed","ping_status":"closed","template":"","meta":{"_acf_changed":false,"footnotes":""},"class_list":["post-634","page","type-page","status-publish","hentry"],"acf":[],"yoast_head":"<!-- This site is optimized with the Yoast SEO Premium plugin v27.5 (Yoast SEO v27.5) - https:\/\/yoast.com\/product\/yoast-seo-premium-wordpress\/ -->\n<title>Avisos Legais - Dolidon Partners | Soci\u00e9t\u00e9 d&#039;avocats<\/title>\n<meta name=\"robots\" content=\"index, follow, max-snippet:-1, max-image-preview:large, max-video-preview:-1\" \/>\n<link rel=\"canonical\" href=\"https:\/\/www.dolidon-partners.com\/pt-pt\/mentions-legales\/\" \/>\n<meta property=\"og:locale\" content=\"pt_PT\" \/>\n<meta property=\"og:type\" content=\"article\" \/>\n<meta property=\"og:title\" content=\"Avisos Legais\" \/>\n<meta property=\"og:description\" content=\"O site\u00a0www.dolidon-partners.com\u00a0\u00e9 editado pela sociedade Dolidon Partners, cuja sede social est\u00e1 situada em 11 Bis, rue Volney, 75002 Paris, FR. [&hellip;]\" \/>\n<meta property=\"og:url\" content=\"https:\/\/www.dolidon-partners.com\/pt-pt\/mentions-legales\/\" \/>\n<meta property=\"og:site_name\" content=\"Dolidon Partners | Soci\u00e9t\u00e9 d&#039;avocats\" \/>\n<meta property=\"article:publisher\" content=\"https:\/\/www.facebook.com\/dolidonpartners\" \/>\n<meta property=\"article:modified_time\" content=\"2018-05-14T12:17:56+00:00\" \/>\n<meta property=\"og:image\" content=\"https:\/\/www.dolidon-partners.com\/wp-content\/uploads\/capture-decran-2017-10-23-a-17-28-51.png\" \/>\n\t<meta property=\"og:image:width\" content=\"1437\" \/>\n\t<meta property=\"og:image:height\" content=\"1076\" \/>\n\t<meta property=\"og:image:type\" content=\"image\/png\" \/>\n<meta name=\"twitter:card\" content=\"summary_large_image\" \/>\n<meta name=\"twitter:label1\" content=\"Tempo estimado de leitura\" \/>\n\t<meta name=\"twitter:data1\" content=\"1 minuto\" \/>\n<script type=\"application\/ld+json\" class=\"yoast-schema-graph\">{\"@context\":\"https:\\\/\\\/schema.org\",\"@graph\":[{\"@type\":\"WebPage\",\"@id\":\"https:\\\/\\\/www.dolidon-partners.com\\\/pt-pt\\\/mentions-legales\\\/\",\"url\":\"https:\\\/\\\/www.dolidon-partners.com\\\/pt-pt\\\/mentions-legales\\\/\",\"name\":\"Avisos Legais - Dolidon Partners | Soci\u00e9t\u00e9 d&#039;avocats\",\"isPartOf\":{\"@id\":\"https:\\\/\\\/www.dolidon-partners.com\\\/pt-pt\\\/#website\"},\"datePublished\":\"2017-09-01T18:28:12+00:00\",\"dateModified\":\"2018-05-14T12:17:56+00:00\",\"breadcrumb\":{\"@id\":\"https:\\\/\\\/www.dolidon-partners.com\\\/pt-pt\\\/mentions-legales\\\/#breadcrumb\"},\"inLanguage\":\"pt-PT\",\"potentialAction\":[{\"@type\":\"ReadAction\",\"target\":[\"https:\\\/\\\/www.dolidon-partners.com\\\/pt-pt\\\/mentions-legales\\\/\"]}]},{\"@type\":\"BreadcrumbList\",\"@id\":\"https:\\\/\\\/www.dolidon-partners.com\\\/pt-pt\\\/mentions-legales\\\/#breadcrumb\",\"itemListElement\":[{\"@type\":\"ListItem\",\"position\":1,\"name\":\"Home\",\"item\":\"https:\\\/\\\/www.dolidon-partners.com\\\/pt-pt\\\/\"},{\"@type\":\"ListItem\",\"position\":2,\"name\":\"Avisos Legais\"}]},{\"@type\":\"WebSite\",\"@id\":\"https:\\\/\\\/www.dolidon-partners.com\\\/pt-pt\\\/#website\",\"url\":\"https:\\\/\\\/www.dolidon-partners.com\\\/pt-pt\\\/\",\"name\":\"Dolidon Partners | Soci\u00e9t\u00e9 d&#039;avocats\",\"description\":\"Avocats d\u00e9di\u00e9s aux pratiques cl\u00e9s du Droit des Affaires, nous aidons nos clients \u00e0 d\u00e9finir et \u00e0 r\u00e9aliser leurs objectifs.\",\"publisher\":{\"@id\":\"https:\\\/\\\/www.dolidon-partners.com\\\/pt-pt\\\/#organization\"},\"potentialAction\":[{\"@type\":\"SearchAction\",\"target\":{\"@type\":\"EntryPoint\",\"urlTemplate\":\"https:\\\/\\\/www.dolidon-partners.com\\\/pt-pt\\\/?s={search_term_string}\"},\"query-input\":{\"@type\":\"PropertyValueSpecification\",\"valueRequired\":true,\"valueName\":\"search_term_string\"}}],\"inLanguage\":\"pt-PT\"},{\"@type\":\"Organization\",\"@id\":\"https:\\\/\\\/www.dolidon-partners.com\\\/pt-pt\\\/#organization\",\"name\":\"Dolidon Partners\",\"url\":\"https:\\\/\\\/www.dolidon-partners.com\\\/pt-pt\\\/\",\"logo\":{\"@type\":\"ImageObject\",\"inLanguage\":\"pt-PT\",\"@id\":\"https:\\\/\\\/www.dolidon-partners.com\\\/pt-pt\\\/#\\\/schema\\\/logo\\\/image\\\/\",\"url\":\"https:\\\/\\\/www.dolidon-partners.com\\\/wp-content\\\/uploads\\\/dp-logos-autrecarre-noir-bd.png\",\"contentUrl\":\"https:\\\/\\\/www.dolidon-partners.com\\\/wp-content\\\/uploads\\\/dp-logos-autrecarre-noir-bd.png\",\"width\":143,\"height\":142,\"caption\":\"Dolidon Partners\"},\"image\":{\"@id\":\"https:\\\/\\\/www.dolidon-partners.com\\\/pt-pt\\\/#\\\/schema\\\/logo\\\/image\\\/\"},\"sameAs\":[\"https:\\\/\\\/www.facebook.com\\\/dolidonpartners\",\"https:\\\/\\\/www.instagram.com\\\/dolidonpartners\",\"https:\\\/\\\/www.linkedin.com\\\/company\\\/dolidon-partners\"]}]}<\/script>\n<!-- \/ Yoast SEO Premium plugin. -->","yoast_head_json":{"title":"Avisos Legais - Dolidon Partners | Soci\u00e9t\u00e9 d&#039;avocats","robots":{"index":"index","follow":"follow","max-snippet":"max-snippet:-1","max-image-preview":"max-image-preview:large","max-video-preview":"max-video-preview:-1"},"canonical":"https:\/\/www.dolidon-partners.com\/pt-pt\/mentions-legales\/","og_locale":"pt_PT","og_type":"article","og_title":"Avisos Legais","og_description":"O site\u00a0www.dolidon-partners.com\u00a0\u00e9 editado pela sociedade Dolidon Partners, cuja sede social est\u00e1 situada em 11 Bis, rue Volney, 75002 Paris, FR. [&hellip;]","og_url":"https:\/\/www.dolidon-partners.com\/pt-pt\/mentions-legales\/","og_site_name":"Dolidon Partners | Soci\u00e9t\u00e9 d&#039;avocats","article_publisher":"https:\/\/www.facebook.com\/dolidonpartners","article_modified_time":"2018-05-14T12:17:56+00:00","og_image":[{"width":1437,"height":1076,"url":"https:\/\/www.dolidon-partners.com\/wp-content\/uploads\/capture-decran-2017-10-23-a-17-28-51.png","type":"image\/png"}],"twitter_card":"summary_large_image","twitter_misc":{"Tempo estimado de leitura":"1 minuto"},"schema":{"@context":"https:\/\/schema.org","@graph":[{"@type":"WebPage","@id":"https:\/\/www.dolidon-partners.com\/pt-pt\/mentions-legales\/","url":"https:\/\/www.dolidon-partners.com\/pt-pt\/mentions-legales\/","name":"Avisos Legais - Dolidon Partners | Soci\u00e9t\u00e9 d&#039;avocats","isPartOf":{"@id":"https:\/\/www.dolidon-partners.com\/pt-pt\/#website"},"datePublished":"2017-09-01T18:28:12+00:00","dateModified":"2018-05-14T12:17:56+00:00","breadcrumb":{"@id":"https:\/\/www.dolidon-partners.com\/pt-pt\/mentions-legales\/#breadcrumb"},"inLanguage":"pt-PT","potentialAction":[{"@type":"ReadAction","target":["https:\/\/www.dolidon-partners.com\/pt-pt\/mentions-legales\/"]}]},{"@type":"BreadcrumbList","@id":"https:\/\/www.dolidon-partners.com\/pt-pt\/mentions-legales\/#breadcrumb","itemListElement":[{"@type":"ListItem","position":1,"name":"Home","item":"https:\/\/www.dolidon-partners.com\/pt-pt\/"},{"@type":"ListItem","position":2,"name":"Avisos Legais"}]},{"@type":"WebSite","@id":"https:\/\/www.dolidon-partners.com\/pt-pt\/#website","url":"https:\/\/www.dolidon-partners.com\/pt-pt\/","name":"Dolidon Partners | Soci\u00e9t\u00e9 d&#039;avocats","description":"Avocats d\u00e9di\u00e9s aux pratiques cl\u00e9s du Droit des Affaires, nous aidons nos clients \u00e0 d\u00e9finir et \u00e0 r\u00e9aliser leurs objectifs.","publisher":{"@id":"https:\/\/www.dolidon-partners.com\/pt-pt\/#organization"},"potentialAction":[{"@type":"SearchAction","target":{"@type":"EntryPoint","urlTemplate":"https:\/\/www.dolidon-partners.com\/pt-pt\/?s={search_term_string}"},"query-input":{"@type":"PropertyValueSpecification","valueRequired":true,"valueName":"search_term_string"}}],"inLanguage":"pt-PT"},{"@type":"Organization","@id":"https:\/\/www.dolidon-partners.com\/pt-pt\/#organization","name":"Dolidon Partners","url":"https:\/\/www.dolidon-partners.com\/pt-pt\/","logo":{"@type":"ImageObject","inLanguage":"pt-PT","@id":"https:\/\/www.dolidon-partners.com\/pt-pt\/#\/schema\/logo\/image\/","url":"https:\/\/www.dolidon-partners.com\/wp-content\/uploads\/dp-logos-autrecarre-noir-bd.png","contentUrl":"https:\/\/www.dolidon-partners.com\/wp-content\/uploads\/dp-logos-autrecarre-noir-bd.png","width":143,"height":142,"caption":"Dolidon Partners"},"image":{"@id":"https:\/\/www.dolidon-partners.com\/pt-pt\/#\/schema\/logo\/image\/"},"sameAs":["https:\/\/www.facebook.com\/dolidonpartners","https:\/\/www.instagram.com\/dolidonpartners","https:\/\/www.linkedin.com\/company\/dolidon-partners"]}]}},"jetpack-related-posts":[],"jetpack_sharing_enabled":true,"_links":{"self":[{"href":"https:\/\/www.dolidon-partners.com\/pt-pt\/wp-json\/wp\/v2\/pages\/634","targetHints":{"allow":["GET"]}}],"collection":[{"href":"https:\/\/www.dolidon-partners.com\/pt-pt\/wp-json\/wp\/v2\/pages"}],"about":[{"href":"https:\/\/www.dolidon-partners.com\/pt-pt\/wp-json\/wp\/v2\/types\/page"}],"author":[{"embeddable":true,"href":"https:\/\/www.dolidon-partners.com\/pt-pt\/wp-json\/wp\/v2\/users\/1"}],"replies":[{"embeddable":true,"href":"https:\/\/www.dolidon-partners.com\/pt-pt\/wp-json\/wp\/v2\/comments?post=634"}],"version-history":[{"count":1,"href":"https:\/\/www.dolidon-partners.com\/pt-pt\/wp-json\/wp\/v2\/pages\/634\/revisions"}],"predecessor-version":[{"id":774,"href":"https:\/\/www.dolidon-partners.com\/pt-pt\/wp-json\/wp\/v2\/pages\/634\/revisions\/774"}],"wp:attachment":[{"href":"https:\/\/www.dolidon-partners.com\/pt-pt\/wp-json\/wp\/v2\/media?parent=634"}],"curies":[{"name":"wp","href":"https:\/\/api.w.org\/{rel}","templated":true}]}}